{"id":792,"date":"2018-06-28T17:46:46","date_gmt":"2018-06-28T20:46:46","guid":{"rendered":"https:\/\/isp62-sfe.infd.edu.ar\/sitio\/autoridades\/"},"modified":"2025-08-28T22:26:40","modified_gmt":"2025-08-29T01:26:40","slug":"autoridades","status":"publish","type":"page","link":"https:\/\/isp62-sfe.infd.edu.ar\/sitio\/autoridades\/","title":{"rendered":"Autoridades"},"content":{"rendered":"<p><span style=\"font-family: arial, helvetica, sans-serif; color: #cc6600; font-size: 10pt;\"><span style=\"color: #000000; font-family: verdana,geneva;\">DIRECTORA:<\/span><strong><span style=\"color: #000000; font-family: verdana,geneva;\"> Prof. Viviana Simeone<\/span><\/strong><\/span><\/p>\n<p><span style=\"font-family: arial, helvetica, sans-serif; color: #cc6600; font-size: 10pt;\"><span style=\"color: #000000; font-family: verdana,geneva;\">SECRETARIA<\/span><strong><span style=\"color: #000000; font-family: verdana,geneva;\"> Prof. Gabriela Mari<\/span><\/strong><\/span><\/p>\n<p><span style=\"font-family: arial, helvetica, sans-serif; color: #cc6600; font-size: 10pt;\"><span style=\"color: #000000; font-family: verdana,geneva;\">PRECEPTORA:<\/span><strong><span style=\"color: #000000; font-family: verdana,geneva;\"> Prof. Andrea Ben\u00edtez<\/span><\/strong><\/span><\/p>\n<p><span style=\"font-family: arial, helvetica, sans-serif; color: #cc6600; font-size: 10pt;\"><span style=\"color: #000000; font-family: verdana,geneva;\">JEFA DE CARRERA PROFESORADO DE HISTORIA:<\/span><strong><span style=\"color: #000000; font-family: verdana,geneva;\"> Prof. Mar\u00eda Victoria Lambertucci<br \/>\n<\/span><\/strong><\/span><\/p>\n<p><span style=\"font-family: arial, helvetica, sans-serif; color: #cc6600; font-size: 10pt;\"><span style=\"color: #000000; font-family: verdana,geneva;\">JEFA DE CARRERA PROFESORADO DE GEOGRAF\u00cdA:<\/span><strong><span style=\"color: #000000; font-family: verdana,geneva;\"> Prof. Evangelina Ricotti<\/span><\/strong><\/span><\/p>\n<p><span style=\"font-family: arial, helvetica, sans-serif; color: #cc6600; font-size: 10pt;\"><span style=\"color: #000000; font-family: verdana,geneva;\">JEFA DE CARRERA ANALISTA DE SISTEMAS:<\/span><strong><span style=\"color: #000000; font-family: verdana,geneva;\"> Prof. Ver\u00f3nica Piccini<\/span><\/strong><\/span><\/p>\n<p><span style=\"font-family: arial, helvetica, sans-serif; color: #cc6600; font-size: 10pt;\"><span style=\"color: #000000; font-family: verdana,geneva;\">JEFE DE CARRERA PROFESORADO DE SEGURIDAD E HIGIENE EN EL TRABAJO:<\/span><strong><span style=\"color: #000000; font-family: verdana,geneva;\"> Prof. Franco Cocchis<\/span><\/strong><\/span><\/p>\n","protected":false},"excerpt":{"rendered":"<p>DIRECTORA: Prof. Viviana Simeone SECRETARIA Prof. Gabriela Mari PRECEPTORA: Prof. Andrea Ben\u00edtez JEFA DE CARRERA PROFESORADO DE HISTORIA: Prof. Mar\u00eda Victoria Lambertucci JEFA DE CARRERA PROFESORADO DE GEOGRAF\u00cdA: Prof. Evangelina Ricotti JEFA DE CARRERA ANALISTA DE SISTEMAS: Prof. Ver\u00f3nica Piccini JEFE DE CARRERA PROFESORADO DE SEGURIDAD E HIGIENE EN EL TRABAJO: Prof. Franco Cocchis<\/p>\n","protected":false},"author":367,"featured_media":0,"parent":0,"menu_order":0,"comment_status":"closed","ping_status":"closed","template":"","meta":[],"acf":[],"_links":{"self":[{"href":"https:\/\/isp62-sfe.infd.edu.ar\/sitio\/wp-json\/wp\/v2\/pages\/792"}],"collection":[{"href":"https:\/\/isp62-sfe.infd.edu.ar\/sitio\/wp-json\/wp\/v2\/pages"}],"about":[{"href":"https:\/\/isp62-sfe.infd.edu.ar\/sitio\/wp-json\/wp\/v2\/types\/page"}],"author":[{"embeddable":true,"href":"https:\/\/isp62-sfe.infd.edu.ar\/sitio\/wp-json\/wp\/v2\/users\/367"}],"replies":[{"embeddable":true,"href":"https:\/\/isp62-sfe.infd.edu.ar\/sitio\/wp-json\/wp\/v2\/comments?post=792"}],"version-history":[{"count":7,"href":"https:\/\/isp62-sfe.infd.edu.ar\/sitio\/wp-json\/wp\/v2\/pages\/792\/revisions"}],"predecessor-version":[{"id":989,"href":"https:\/\/isp62-sfe.infd.edu.ar\/sitio\/wp-json\/wp\/v2\/pages\/792\/revisions\/989"}],"wp:attachment":[{"href":"https:\/\/isp62-sfe.infd.edu.ar\/sitio\/wp-json\/wp\/v2\/media?parent=792"}],"curies":[{"name":"wp","href":"https:\/\/api.w.org\/{rel}","templated":true}]}}