{"id":798,"date":"2018-06-28T17:46:48","date_gmt":"2018-06-28T20:46:48","guid":{"rendered":"https:\/\/isp62-sfe.infd.edu.ar\/sitio\/carreras\/"},"modified":"2023-11-02T18:08:47","modified_gmt":"2023-11-02T21:08:47","slug":"carreras","status":"publish","type":"page","link":"https:\/\/isp62-sfe.infd.edu.ar\/sitio\/carreras\/","title":{"rendered":"Carreras"},"content":{"rendered":"<p>Se dictan cuatro carreras:<\/p>\n<p>(luego de haber pasado por una cohorte de Profesorado de Tecnolog\u00eda a t\u00e9rmino desde 2007\/2010)<\/p>\n<p>A)<strong> \u00a0<span style=\"font-size: 12pt;\">PROFESORADO DE HISTORIA<\/span><\/strong><\/p>\n<p>B)<strong> \u00a0<span style=\"font-size: 12pt;\">PROFESORADO DE GEOGRAF\u00cdA<\/span><\/strong><\/p>\n<p>C)\u00a0<strong>T\u00c9CNICO SUPERIOR EN AN\u00c1LISIS FUNCIONAL DE SISTEMAS INFORM\u00c1TICOS<\/strong><\/p>\n<p>D)<strong>\u00a0 T\u00c9CNICO SUPERIOR EN HIGIENE Y SEGURIDAD EN EL TRABAJO<\/strong><\/p>\n<p>La Instituci\u00f3n contin\u00faa teniendo car\u00e1cter de Instituci\u00f3n mixta- T\u00e9cnico\/Docente.<\/p>\n","protected":false},"excerpt":{"rendered":"<p>Se dictan cuatro carreras: (luego de haber pasado por una cohorte de Profesorado de Tecnolog\u00eda a t\u00e9rmino desde 2007\/2010) A) \u00a0PROFESORADO DE HISTORIA B) \u00a0PROFESORADO DE GEOGRAF\u00cdA C)\u00a0T\u00c9CNICO SUPERIOR EN AN\u00c1LISIS FUNCIONAL DE SISTEMAS INFORM\u00c1TICOS D)\u00a0 T\u00c9CNICO SUPERIOR EN HIGIENE Y SEGURIDAD EN EL TRABAJO La Instituci\u00f3n contin\u00faa teniendo car\u00e1cter de Instituci\u00f3n mixta- T\u00e9cnico\/Docente.<\/p>\n","protected":false},"author":367,"featured_media":0,"parent":0,"menu_order":0,"comment_status":"closed","ping_status":"closed","template":"","meta":[],"acf":[],"_links":{"self":[{"href":"https:\/\/isp62-sfe.infd.edu.ar\/sitio\/wp-json\/wp\/v2\/pages\/798"}],"collection":[{"href":"https:\/\/isp62-sfe.infd.edu.ar\/sitio\/wp-json\/wp\/v2\/pages"}],"about":[{"href":"https:\/\/isp62-sfe.infd.edu.ar\/sitio\/wp-json\/wp\/v2\/types\/page"}],"author":[{"embeddable":true,"href":"https:\/\/isp62-sfe.infd.edu.ar\/sitio\/wp-json\/wp\/v2\/users\/367"}],"replies":[{"embeddable":true,"href":"https:\/\/isp62-sfe.infd.edu.ar\/sitio\/wp-json\/wp\/v2\/comments?post=798"}],"version-history":[{"count":3,"href":"https:\/\/isp62-sfe.infd.edu.ar\/sitio\/wp-json\/wp\/v2\/pages\/798\/revisions"}],"predecessor-version":[{"id":956,"href":"https:\/\/isp62-sfe.infd.edu.ar\/sitio\/wp-json\/wp\/v2\/pages\/798\/revisions\/956"}],"wp:attachment":[{"href":"https:\/\/isp62-sfe.infd.edu.ar\/sitio\/wp-json\/wp\/v2\/media?parent=798"}],"curies":[{"name":"wp","href":"https:\/\/api.w.org\/{rel}","templated":true}]}}