{"id":802,"date":"2018-06-28T17:46:50","date_gmt":"2018-06-28T20:46:50","guid":{"rendered":"https:\/\/isp62-sfe.infd.edu.ar\/sitio\/plan-de-estudios-ts-en-analisis-funcional-de-si\/"},"modified":"2024-03-01T16:52:01","modified_gmt":"2024-03-01T19:52:01","slug":"plan-de-estudios-ts-en-analisis-funcional-de-si","status":"publish","type":"page","link":"https:\/\/isp62-sfe.infd.edu.ar\/sitio\/plan-de-estudios-ts-en-analisis-funcional-de-si\/","title":{"rendered":"Plan de Estudios &#8211; TS en An\u00e1lisis Funcional de Sistemas Inform\u00e1ticos"},"content":{"rendered":"<p style=\"text-align: center;\">T\u00e9cnico Superior en An\u00e1lisis Funcional de Sistemas Inform\u00e1ticos<\/p>\n<p style=\"text-align: center;\"><a title=\"Dise\u00f1o Curricular TS en An\u00e1lisis Funcional de Sistemas Inform\u00e1ticos\" href=\"upload\/Disen_o_Curricular_Analisis_Funcional_de_Sistemas_Informaticos.pdf\" target=\"_blank\" rel=\"noopener\">Descargar\u00a0PDF Dise\u00f1o Curricular\u00a0TS en An\u00e1lisis Funcional de SI<\/a><\/p>\n","protected":false},"excerpt":{"rendered":"<p>T\u00e9cnico Superior en An\u00e1lisis Funcional de Sistemas Inform\u00e1ticos Descargar\u00a0PDF Dise\u00f1o Curricular\u00a0TS en An\u00e1lisis Funcional de SI<\/p>\n","protected":false},"author":367,"featured_media":0,"parent":0,"menu_order":0,"comment_status":"closed","ping_status":"closed","template":"","meta":[],"acf":[],"_links":{"self":[{"href":"https:\/\/isp62-sfe.infd.edu.ar\/sitio\/wp-json\/wp\/v2\/pages\/802"}],"collection":[{"href":"https:\/\/isp62-sfe.infd.edu.ar\/sitio\/wp-json\/wp\/v2\/pages"}],"about":[{"href":"https:\/\/isp62-sfe.infd.edu.ar\/sitio\/wp-json\/wp\/v2\/types\/page"}],"author":[{"embeddable":true,"href":"https:\/\/isp62-sfe.infd.edu.ar\/sitio\/wp-json\/wp\/v2\/users\/367"}],"replies":[{"embeddable":true,"href":"https:\/\/isp62-sfe.infd.edu.ar\/sitio\/wp-json\/wp\/v2\/comments?post=802"}],"version-history":[{"count":1,"href":"https:\/\/isp62-sfe.infd.edu.ar\/sitio\/wp-json\/wp\/v2\/pages\/802\/revisions"}],"predecessor-version":[{"id":978,"href":"https:\/\/isp62-sfe.infd.edu.ar\/sitio\/wp-json\/wp\/v2\/pages\/802\/revisions\/978"}],"wp:attachment":[{"href":"https:\/\/isp62-sfe.infd.edu.ar\/sitio\/wp-json\/wp\/v2\/media?parent=802"}],"curies":[{"name":"wp","href":"https:\/\/api.w.org\/{rel}","templated":true}]}}