{"id":931,"date":"2022-03-28T16:42:59","date_gmt":"2022-03-28T19:42:59","guid":{"rendered":"https:\/\/isp62-sfe.infd.edu.ar\/sitio\/?page_id=931"},"modified":"2024-08-26T17:01:07","modified_gmt":"2024-08-26T20:01:07","slug":"inscripcion-examenes","status":"publish","type":"page","link":"https:\/\/isp62-sfe.infd.edu.ar\/sitio\/inscripcion-examenes\/","title":{"rendered":"INSCRIPCI\u00d3N A EX\u00c1MENES"},"content":{"rendered":"\n<p><\/p>\n\n\n\n<p class=\"has-contrast-2-color has-text-color\"><strong>PARA COMENZAR LA INSCRIPCI\u00d3N A EX\u00c1MENES <\/strong><a href=\"https:\/\/www.isp62.com.ar\/isp62\/\" data-type=\"URL\" data-id=\"https:\/\/w330016.ferozo.com\/isp62\/\" target=\"_blank\" rel=\"noreferrer noopener\"><strong>HAZ CLIC AQU\u00cd<\/strong><\/a><\/p>\n\n\n\n<p><\/p>\n","protected":false},"excerpt":{"rendered":"<p>PARA COMENZAR LA INSCRIPCI\u00d3N A EX\u00c1MENES HAZ CLIC AQU\u00cd<\/p>\n","protected":false},"author":367,"featured_media":0,"parent":0,"menu_order":0,"comment_status":"closed","ping_status":"closed","template":"","meta":[],"acf":[],"_links":{"self":[{"href":"https:\/\/isp62-sfe.infd.edu.ar\/sitio\/wp-json\/wp\/v2\/pages\/931"}],"collection":[{"href":"https:\/\/isp62-sfe.infd.edu.ar\/sitio\/wp-json\/wp\/v2\/pages"}],"about":[{"href":"https:\/\/isp62-sfe.infd.edu.ar\/sitio\/wp-json\/wp\/v2\/types\/page"}],"author":[{"embeddable":true,"href":"https:\/\/isp62-sfe.infd.edu.ar\/sitio\/wp-json\/wp\/v2\/users\/367"}],"replies":[{"embeddable":true,"href":"https:\/\/isp62-sfe.infd.edu.ar\/sitio\/wp-json\/wp\/v2\/comments?post=931"}],"version-history":[{"count":11,"href":"https:\/\/isp62-sfe.infd.edu.ar\/sitio\/wp-json\/wp\/v2\/pages\/931\/revisions"}],"predecessor-version":[{"id":987,"href":"https:\/\/isp62-sfe.infd.edu.ar\/sitio\/wp-json\/wp\/v2\/pages\/931\/revisions\/987"}],"wp:attachment":[{"href":"https:\/\/isp62-sfe.infd.edu.ar\/sitio\/wp-json\/wp\/v2\/media?parent=931"}],"curies":[{"name":"wp","href":"https:\/\/api.w.org\/{rel}","templated":true}]}}